{"id":84,"date":"2024-12-20T12:27:05","date_gmt":"2024-12-20T12:27:05","guid":{"rendered":"https:\/\/silovers.com\/?page_id=84"},"modified":"2026-04-07T08:40:24","modified_gmt":"2026-04-07T07:40:24","slug":"libro","status":"publish","type":"page","link":"https:\/\/silovers.com\/index.php\/libro\/","title":{"rendered":"El Libro: Los 4 juegos\u00a0"},"content":{"rendered":"\t\t<div data-elementor-type=\"wp-page\" data-elementor-id=\"84\" class=\"elementor elementor-84\" data-elementor-post-type=\"page\">\n\t\t\t\t<div class=\"elementor-element elementor-element-acab9a0 e-con-full e-flex e-con e-parent\" data-id=\"acab9a0\" data-element_type=\"container\" data-e-type=\"container\">\n\t\t\t\t<div class=\"elementor-element elementor-element-739f8f6 elementor-widget elementor-widget-heading\" data-id=\"739f8f6\" data-element_type=\"widget\" data-e-type=\"widget\" data-widget_type=\"heading.default\">\n\t\t\t\t<div class=\"elementor-widget-container\">\n\t\t\t\t\t<h2 class=\"elementor-heading-title elementor-size-default\">Para aprender a \u201cjugar y ganar\u201d el partido m\u00e1s importante: el de tu propia vida<\/h2>\t\t\t\t<\/div>\n\t\t\t\t<\/div>\n\t\t\t\t<div class=\"elementor-element elementor-element-43c4880 elementor-widget elementor-widget-image\" data-id=\"43c4880\" data-element_type=\"widget\" data-e-type=\"widget\" data-widget_type=\"image.default\">\n\t\t\t\t<div class=\"elementor-widget-container\">\n\t\t\t\t\t\t\t\t\t\t\t\t\t\t\t<img decoding=\"async\" src=\"https:\/\/silovers.com\/wp-content\/uploads\/elementor\/thumbs\/1774354327-rlnarvdwo74e7bs62n4qol3gcrslo7tvy7z8rynj5k.jpg\" title=\"Libro\" alt=\"Libro\" loading=\"lazy\" \/>\t\t\t\t\t\t\t\t\t\t\t\t\t\t\t<\/div>\n\t\t\t\t<\/div>\n\t\t\t\t<\/div>\n\t\t<div class=\"elementor-element elementor-element-feb0c18 e-flex e-con-boxed e-con e-parent\" data-id=\"feb0c18\" data-element_type=\"container\" data-e-type=\"container\">\n\t\t\t\t\t<div class=\"e-con-inner\">\n\t\t\t\t<div class=\"elementor-element elementor-element-a0ebfd8 elementor-widget elementor-widget-text-editor\" data-id=\"a0ebfd8\" data-element_type=\"widget\" data-e-type=\"widget\" data-widget_type=\"text-editor.default\">\n\t\t\t\t<div class=\"elementor-widget-container\">\n\t\t\t\t\t\t\t\t\t<p><\/p>\n<h4><span style=\"color: #00a651;\"><b>\u00bfY t\u00fa\u2026 a qu\u00e9&nbsp;juegas?<\/b>&nbsp;<\/span><\/h4><div><span style=\"color: #00a651;\"><br><\/span><\/div>\n<p><span data-contrast=\"none\">Hay quienes cruzan medio mundo para encontrarse.<\/span>&nbsp;<br><span data-contrast=\"none\">T\u00fa no tienes que irte&nbsp;tan lejos.<\/span>&nbsp;<br><span data-contrast=\"none\">El viaje m\u00e1s potente empieza dentro&nbsp;de ti.<\/span>&nbsp;<br><span data-contrast=\"none\">Y este libro es tu mapa.<\/span><\/p>\n<p><span data-ccp-props=\"{}\">&nbsp;<\/span><\/p>\n<p><strong>Todos jugamos a algo:&nbsp;<\/strong><\/p>\n<p><span data-contrast=\"none\">A complacer, a evitar, a controlar, a encajar\u2026<\/span>&nbsp;<br><span data-contrast=\"none\">Jugamos sin saberlo.<\/span>&nbsp;<br><span data-contrast=\"none\">Y sin quererlo,&nbsp;<\/span><b><span data-contrast=\"none\">nos olvidamos de ganar<\/span><\/b><span data-contrast=\"none\">.<\/span><span data-ccp-props=\"{}\">&nbsp;<\/span><\/p>\n<p><span data-contrast=\"none\">No hablamos de ganar medallas.<\/span>&nbsp;<br><span data-contrast=\"none\">Hablamos de ganar confianza, <\/span><span data-contrast=\"none\">esperanza, libertad, valent\u00eda\u2026<\/span>&nbsp;<br><span data-contrast=\"none\">Ganar vida.<\/span><\/p>\n<p><span data-ccp-props=\"{}\">&nbsp;<\/span><\/p>\n<p><b><span data-contrast=\"none\">Este libro no te va a cambiar la vida.<\/span><\/b><span data-ccp-props=\"{}\">&nbsp;<\/span><\/p>\n<p><span data-contrast=\"none\">Te va a ense\u00f1ar a cambi\u00e1rtela t\u00fa.<\/span><span data-ccp-props=\"{}\">&nbsp;<\/span><\/p>\n<p><span data-contrast=\"none\">Aqu\u00ed no hay&nbsp;expertos.<\/span>&nbsp;<br><span data-contrast=\"none\">Solo historias reales.<\/span>&nbsp;<br><span data-contrast=\"none\">Y un modelo tan simple como poderoso:<\/span>&nbsp;<\/p>\n<p><b><span data-contrast=\"none\">Los 4 Juegos.<\/span><\/b><span data-ccp-props=\"{}\">&nbsp;<\/span><\/p>\n<p><span data-contrast=\"none\">Un espejo para que te mires como nunca.<\/span>&nbsp;<br><span data-contrast=\"none\">Una br\u00fajula para que te orientes por dentro.<\/span>&nbsp;<br><span data-contrast=\"none\">Un reto para que te preguntes en serio:<\/span><\/p>\n<p><span data-ccp-props=\"{}\">&nbsp;<\/span><b><span data-contrast=\"none\">\u00bfEstoy jugando a lo que me impulsa\u2026 o a lo que me limita?<\/span><\/b><span data-ccp-props=\"{}\">&nbsp;<\/span><\/p>\n<p><b><span data-contrast=\"none\">Este libro es una invitaci\u00f3n:<\/span><\/b><span data-ccp-props=\"{}\">&nbsp;<\/span><span data-contrast=\"none\">A dejar el piloto autom\u00e1tico.<\/span><\/p>\n<p><span data-contrast=\"none\"><img decoding=\"async\" class=\"emoji\" role=\"img\" draggable=\"false\" src=\"https:\/\/s.w.org\/images\/core\/emoji\/16.0.1\/svg\/1f539.svg\" alt=\"\ud83d\udd39\"> A ganarte a ti mismo (GR-1)<\/span><br><span data-contrast=\"none\"><img decoding=\"async\" class=\"emoji\" role=\"img\" draggable=\"false\" src=\"https:\/\/s.w.org\/images\/core\/emoji\/16.0.1\/svg\/1f539.svg\" alt=\"\ud83d\udd39\"><\/span><span data-contrast=\"none\">&nbsp;A aprender a ganar junto a otros (GR-2)<\/span>&nbsp;<br><span data-contrast=\"none\"><img decoding=\"async\" class=\"emoji\" role=\"img\" draggable=\"false\" src=\"https:\/\/s.w.org\/images\/core\/emoji\/16.0.1\/svg\/1f539.svg\" alt=\"\ud83d\udd39\"><\/span><span data-contrast=\"none\"> Y si te atreves, a contribuir en el mundo inspirando a los dem\u00e1s donando tus <strong>\u00abhistorias ganadoras\u00bb<\/strong> (GR-3)<\/span><span data-ccp-props=\"{}\">&nbsp;<\/span><\/p>\n<p><span data-ccp-props=\"{}\">&nbsp;<\/span><\/p>\n<p><span data-contrast=\"none\">Si est\u00e1s harto de bloqueos, autoenga\u00f1os y d\u00edas vac\u00edos\u2026&nbsp;este libro es para ti.<\/span><span data-ccp-props=\"{}\">&nbsp;<\/span><\/p>\n<p><span data-ccp-props=\"{}\">&nbsp;<\/span><\/p>\n<h4><span style=\"color: #00a651;\" data-contrast=\"none\">Empieza a \u00abjugar\u00bb en serio, \u00a1juega para ganar!<\/span><\/h4>\t\t\t\t\t\t\t\t<\/div>\n\t\t\t\t<\/div>\n\t\t\t\t\t<\/div>\n\t\t\t\t<\/div>\n\t\t<div class=\"elementor-element elementor-element-67f6f93 e-flex e-con-boxed e-con e-parent\" data-id=\"67f6f93\" data-element_type=\"container\" data-e-type=\"container\">\n\t\t\t\t\t<div class=\"e-con-inner\">\n\t\t\t\t<div class=\"elementor-element elementor-element-28daa3c elementor-align-center elementor-widget elementor-widget-button\" data-id=\"28daa3c\" data-element_type=\"widget\" data-e-type=\"widget\" data-widget_type=\"button.default\">\n\t\t\t\t<div class=\"elementor-widget-container\">\n\t\t\t\t\t\t\t\t\t<div class=\"elementor-button-wrapper\">\n\t\t\t\t\t<a class=\"elementor-button elementor-button-link elementor-size-sm\" href=\"https:\/\/www.edicionesurano.com\/los-cuatro-juegos\">\n\t\t\t\t\t\t<span class=\"elementor-button-content-wrapper\">\n\t\t\t\t\t\t\t\t\t<span class=\"elementor-button-text\">Compra el libro<\/span>\n\t\t\t\t\t<\/span>\n\t\t\t\t\t<\/a>\n\t\t\t\t<\/div>\n\t\t\t\t\t\t\t\t<\/div>\n\t\t\t\t<\/div>\n\t\t\t\t\t<\/div>\n\t\t\t\t<\/div>\n\t\t\t\t<\/div>\n\t\t","protected":false},"excerpt":{"rendered":"<p>Para aprender a \u201cjugar y ganar\u201d el partido m\u00e1s importante: el de tu propia vida \u00bfY t\u00fa\u2026 a qu\u00e9&nbsp;juegas?&nbsp; Hay quienes cruzan medio mundo para encontrarse.&nbsp;T\u00fa no tienes que irte&nbsp;tan lejos.&nbsp;El viaje m\u00e1s potente empieza dentro&nbsp;de ti.&nbsp;Y este libro es tu mapa. &nbsp; Todos jugamos a algo:&nbsp; A complacer, a evitar, a controlar, a encajar\u2026&nbsp;Jugamos&hellip; <a class=\"more-link\" href=\"https:\/\/silovers.com\/index.php\/libro\/\">Seguir leyendo <span class=\"screen-reader-text\">El Libro: Los 4 juegos\u00a0<\/span><\/a><\/p>\n","protected":false},"author":1,"featured_media":0,"parent":0,"menu_order":0,"comment_status":"closed","ping_status":"closed","template":"elementor_header_footer","meta":{"pmpro_default_level":"","advanced_seo_description":"","jetpack_seo_html_title":"","jetpack_seo_noindex":false,"footnotes":""},"class_list":["post-84","page","type-page","status-publish","hentry","pmpro-has-access","entry"],"jetpack_sharing_enabled":true,"_links":{"self":[{"href":"https:\/\/silovers.com\/index.php\/wp-json\/wp\/v2\/pages\/84","targetHints":{"allow":["GET"]}}],"collection":[{"href":"https:\/\/silovers.com\/index.php\/wp-json\/wp\/v2\/pages"}],"about":[{"href":"https:\/\/silovers.com\/index.php\/wp-json\/wp\/v2\/types\/page"}],"author":[{"embeddable":true,"href":"https:\/\/silovers.com\/index.php\/wp-json\/wp\/v2\/users\/1"}],"replies":[{"embeddable":true,"href":"https:\/\/silovers.com\/index.php\/wp-json\/wp\/v2\/comments?post=84"}],"version-history":[{"count":42,"href":"https:\/\/silovers.com\/index.php\/wp-json\/wp\/v2\/pages\/84\/revisions"}],"predecessor-version":[{"id":1856,"href":"https:\/\/silovers.com\/index.php\/wp-json\/wp\/v2\/pages\/84\/revisions\/1856"}],"wp:attachment":[{"href":"https:\/\/silovers.com\/index.php\/wp-json\/wp\/v2\/media?parent=84"}],"curies":[{"name":"wp","href":"https:\/\/api.w.org\/{rel}","templated":true}]}}