{"id":318,"date":"2025-01-16T21:07:37","date_gmt":"2025-01-16T21:07:37","guid":{"rendered":"https:\/\/silovers.com\/?page_id=318"},"modified":"2026-04-07T08:28:53","modified_gmt":"2026-04-07T07:28:53","slug":"organizaciones","status":"publish","type":"page","link":"https:\/\/silovers.com\/index.php\/organizaciones\/","title":{"rendered":"Organizaciones\u00a0"},"content":{"rendered":"\t\t<div data-elementor-type=\"wp-page\" data-elementor-id=\"318\" class=\"elementor elementor-318\" data-elementor-post-type=\"page\">\n\t\t\t\t<div class=\"elementor-element elementor-element-ff66726 e-flex e-con-boxed e-con e-parent\" data-id=\"ff66726\" data-element_type=\"container\" data-e-type=\"container\">\n\t\t\t\t\t<div class=\"e-con-inner\">\n\t\t\t\t<div class=\"elementor-element elementor-element-e45b900 elementor-widget elementor-widget-heading\" data-id=\"e45b900\" data-element_type=\"widget\" data-e-type=\"widget\" data-widget_type=\"heading.default\">\n\t\t\t\t<div class=\"elementor-widget-container\">\n\t\t\t\t\t<h2 class=\"elementor-heading-title elementor-size-default\">Para negocios que no solo crecen. Tambi\u00e9n inspiran.\n<\/h2>\t\t\t\t<\/div>\n\t\t\t\t<\/div>\n\t\t\t\t<div class=\"elementor-element elementor-element-d27ed0b elementor-widget elementor-widget-image\" data-id=\"d27ed0b\" data-element_type=\"widget\" data-e-type=\"widget\" data-widget_type=\"image.default\">\n\t\t\t\t<div class=\"elementor-widget-container\">\n\t\t\t\t\t\t\t\t\t\t\t\t\t\t\t<img decoding=\"async\" src=\"https:\/\/silovers.com\/wp-content\/uploads\/elementor\/thumbs\/contacta_azul-rleu7spufm4pz5pmkd03kby5qgbj3f7rv3csln71ko.jpg\" title=\"contacta_azul\" alt=\"contacta_azul\" loading=\"lazy\" \/>\t\t\t\t\t\t\t\t\t\t\t\t\t\t\t<\/div>\n\t\t\t\t<\/div>\n\t\t\t\t\t<\/div>\n\t\t\t\t<\/div>\n\t\t<div class=\"elementor-element elementor-element-94a1826 e-flex e-con-boxed e-con e-parent\" data-id=\"94a1826\" data-element_type=\"container\" data-e-type=\"container\">\n\t\t\t\t\t<div class=\"e-con-inner\">\n\t\t\t\t<div class=\"elementor-element elementor-element-0beedfb elementor-widget elementor-widget-text-editor\" data-id=\"0beedfb\" data-element_type=\"widget\" data-e-type=\"widget\" data-widget_type=\"text-editor.default\">\n\t\t\t\t<div class=\"elementor-widget-container\">\n\t\t\t\t\t\t\t\t\t<p>\u00a0<\/p><p><span style=\"color: #3366ff;\"><b>\u00bfQu\u00e9 pasa cuando una organizaci\u00f3n aprende a decir S\u00ed?<\/b>\u00a0<\/span><\/p><p><span data-contrast=\"none\">Que se transforma desde dentro.<\/span>\u00a0<br \/><span data-contrast=\"none\">Y brilla hacia fuera.<\/span><span data-ccp-props=\"{}\">\u00a0<\/span><\/p><p><span data-ccp-props=\"{}\">\u00a0<\/span><span data-contrast=\"none\">En <\/span><b><span data-contrast=\"none\">S\u00edlovers<\/span><\/b><span data-contrast=\"none\"> ayudamos a las corporaciones a desarrollar una <\/span><b><span data-contrast=\"none\">cultura positiva, sostenible y emocionalmente saludable<\/span><\/b><span data-contrast=\"none\">, basada en una f\u00f3rmula sencilla, pero poderosa: <\/span><b><span data-contrast=\"none\">decir S\u00ed y sus \u00abhistorias ganadoras\u00bb.<\/span><\/b><span data-ccp-props=\"{}\">\u00a0<\/span><\/p><p><span data-ccp-props=\"{}\">\u00a0<\/span><\/p><p><span style=\"color: #99cc00;\"><b>IN<\/b>\u00a0<\/span><\/p><p><span style=\"color: #3366ff;\"><b>Transformaci\u00f3n interna con impacto real<\/b>\u00a0<\/span><\/p><p><b><span data-contrast=\"none\">Ense\u00f1a<\/span><\/b><span data-contrast=\"none\"> a tus profesionales a mirar desde el <\/span><b><span data-contrast=\"none\">S\u00ed.<\/span><\/b>\u00a0<br \/><b><span data-contrast=\"none\">Potencia y reconoce<\/span><\/b><span data-contrast=\"none\"> a tus l\u00edderes y equipos desde lo que ya funciona.<\/span>\u00a0<br \/><b><span data-contrast=\"none\">Impulsa<\/span><\/b><span data-contrast=\"none\"> el cambio cultural desde la energ\u00eda de las propias \u201chistorias ganadoras\u201d.<\/span>\u00a0<br \/><b><span data-contrast=\"none\">Mejora<\/span><\/b><span data-contrast=\"none\"> el bienestar emocional convirtiendo a tu gente en \u201cdonantes\u201d de historias.<\/span>\u00a0<br \/><b><span data-contrast=\"none\">Construye<\/span><\/b><span data-contrast=\"none\"> orgullo de pertenencia y prop\u00f3sito compartido.<\/span><span data-ccp-props=\"{}\">\u00a0<\/span><\/p><p><span data-ccp-props=\"{}\">\u00a0<\/span><\/p><p><span style=\"color: #993300;\"><b>OUT<\/b>\u00a0<\/span><\/p><p><span style=\"color: #3366ff;\"><b>Proyecci\u00f3n externa que fideliza, inspira y atrae<\/b>\u00a0<\/span><\/p><p><b><span data-contrast=\"none\">Inspira<\/span><\/b><span data-contrast=\"none\"> a tus clientes y asociados compartiendo relatos aut\u00e9nticos.<\/span>\u00a0<br \/><b><span data-contrast=\"none\">Conecta<\/span><\/b><span data-contrast=\"none\"> emocionalmente con tu comunidad y fortalece tu marca.<\/span>\u00a0<br \/><b><span data-contrast=\"none\">Atrae<\/span><\/b><span data-contrast=\"none\"> talento con historias que cuentan qui\u00e9nes sois realmente.<\/span>\u00a0<br \/><b><span data-contrast=\"none\">Construye<\/span><\/b><span data-contrast=\"none\"> un legado m\u00e1s all\u00e1 de productos o servicios.<\/span>\u00a0<br \/><b><span data-contrast=\"none\">Colabora<\/span><\/b><span data-contrast=\"none\"> con otras empresas en una red que apuesta por el impacto positivo y el bien com\u00fan.<\/span><span data-ccp-props=\"{}\">\u00a0<\/span><\/p><p><span data-ccp-props=\"{}\">\u00a0<\/span><\/p><p><b><span data-contrast=\"none\">Porque una organizaci\u00f3n con \u00abhistorias ganadoras\u00bb no solo mejora sus n\u00fameros.<\/span><\/b>\u00a0<br \/><b><span data-contrast=\"none\">Mejora su alma.\u00a0<\/span><\/b><span data-ccp-props=\"{}\">\u00a0<\/span><\/p><p><b><span data-contrast=\"none\">Su cultura.\u00a0<\/span><\/b><span data-ccp-props=\"{}\">\u00a0<\/span><\/p><p><b><span data-contrast=\"none\">Su contribuci\u00f3n.<\/span><\/b><span data-ccp-props=\"{}\">\u00a0<\/span><\/p><p><span data-ccp-props=\"{}\">\u00a0<\/span><\/p><p><span style=\"color: #ff0000;\"><i>Y adem\u00e1s\u2026 todos los proyectos corporativos generados contribuyen con un 5% al desarrollo de los proyectos \u201cS\u00edlovers\u201d dirigidos a la sociedad en general.<\/i>\u00a0<\/span><\/p><p>\u00a0<\/p>\t\t\t\t\t\t\t\t<\/div>\n\t\t\t\t<\/div>\n\t\t\t\t\t<\/div>\n\t\t\t\t<\/div>\n\t\t<div class=\"elementor-element elementor-element-c6087ea e-flex e-con-boxed e-con e-parent\" data-id=\"c6087ea\" data-element_type=\"container\" data-e-type=\"container\">\n\t\t\t\t\t<div class=\"e-con-inner\">\n\t\t\t\t<div class=\"elementor-element elementor-element-e097511 elementor-widget elementor-widget-wpforms\" data-id=\"e097511\" data-element_type=\"widget\" data-e-type=\"widget\" data-widget_type=\"wpforms.default\">\n\t\t\t\t<div class=\"elementor-widget-container\">\n\t\t\t\t\t<div class=\"wpforms-container wpforms-container-full wpforms-render-modern\" id=\"wpforms-1492\"><form id=\"wpforms-form-1492\" class=\"wpforms-validate wpforms-form wpforms-ajax-form\" data-formid=\"1492\" method=\"post\" enctype=\"multipart\/form-data\" action=\"\/index.php\/wp-json\/wp\/v2\/pages\/318\" data-token=\"19d0931f8df41eadcfb91ed5ac94e922\" data-token-time=\"1776515047\"><noscript class=\"wpforms-error-noscript\">Por favor, activa JavaScript en tu navegador para completar este formulario.<\/noscript><div id=\"wpforms-error-noscript\" style=\"display: none;\">Por favor, activa JavaScript en tu navegador para completar este formulario.<\/div><div class=\"wpforms-field-container\">\t\t<div id=\"wpforms-1492-field_3-container\"\n\t\t\tclass=\"wpforms-field wpforms-field-text\"\n\t\t\tdata-field-type=\"text\"\n\t\t\tdata-field-id=\"3\"\n\t\t\t>\n\t\t\t<label class=\"wpforms-field-label\" for=\"wpforms-1492-field_3\" >Nombre Correo electr\u00f3nico<\/label>\n\t\t\t<input type=\"text\" id=\"wpforms-1492-field_3\" class=\"wpforms-field-medium\" name=\"wpforms[fields][3]\" >\n\t\t<\/div>\n\t\t<div id=\"wpforms-1492-field_1-container\" class=\"wpforms-field wpforms-field-name\" data-field-id=\"1\"><fieldset><legend class=\"wpforms-field-label\">Nombre <span class=\"wpforms-required-label\" aria-hidden=\"true\">*<\/span><\/legend><div class=\"wpforms-field-row wpforms-field-medium\"><div class=\"wpforms-field-row-block wpforms-first wpforms-one-half\"><input type=\"text\" id=\"wpforms-1492-field_1\" class=\"wpforms-field-name-first wpforms-field-required\" name=\"wpforms[fields][1][first]\" aria-errormessage=\"wpforms-1492-field_1-error\" required><label for=\"wpforms-1492-field_1\" class=\"wpforms-field-sublabel after\">Nombre<\/label><\/div><div class=\"wpforms-field-row-block wpforms-one-half\"><input type=\"text\" id=\"wpforms-1492-field_1-last\" class=\"wpforms-field-name-last wpforms-field-required\" name=\"wpforms[fields][1][last]\" aria-errormessage=\"wpforms-1492-field_1-last-error\" required><label for=\"wpforms-1492-field_1-last\" class=\"wpforms-field-sublabel after\">Apellidos<\/label><\/div><\/div><\/fieldset><\/div><div id=\"wpforms-1492-field_2-container\" class=\"wpforms-field wpforms-field-email\" data-field-id=\"2\"><label class=\"wpforms-field-label\" for=\"wpforms-1492-field_2\">Correo electr\u00f3nico <span class=\"wpforms-required-label\" aria-hidden=\"true\">*<\/span><\/label><input type=\"email\" id=\"wpforms-1492-field_2\" class=\"wpforms-field-medium wpforms-field-required\" name=\"wpforms[fields][2]\" spellcheck=\"false\" aria-errormessage=\"wpforms-1492-field_2-error\" required><\/div><script>\n\t\t\t\t( function() {\n\t\t\t\t\tconst style = document.createElement( 'style' );\n\t\t\t\t\tstyle.appendChild( document.createTextNode( '#wpforms-1492-field_3-container { position: absolute !important; overflow: hidden !important; display: inline !important; height: 1px !important; width: 1px !important; z-index: -1000 !important; padding: 0 !important; } #wpforms-1492-field_3-container input { visibility: hidden; } #wpforms-conversational-form-page #wpforms-1492-field_3-container label { counter-increment: none; }' ) );\n\t\t\t\t\tdocument.head.appendChild( style );\n\t\t\t\t\tdocument.currentScript?.remove();\n\t\t\t\t} )();\n\t\t\t<\/script><\/div><!-- .wpforms-field-container --><div class=\"wpforms-submit-container\" ><input type=\"hidden\" name=\"wpforms[id]\" value=\"1492\"><input type=\"hidden\" name=\"page_title\" value=\"\"><input type=\"hidden\" name=\"page_url\" value=\"https:\/\/silovers.com\/index.php\/wp-json\/wp\/v2\/pages\/318\"><input type=\"hidden\" name=\"url_referer\" value=\"\"><button type=\"submit\" name=\"wpforms[submit]\" id=\"wpforms-submit-1492\" class=\"wpforms-submit\" data-alt-text=\"Enviando...\" data-submit-text=\"Quiero llevar S\u00edlovers a mi organizaci\u00f3n\" aria-live=\"assertive\" value=\"wpforms-submit\">Quiero llevar S\u00edlovers a mi organizaci\u00f3n<\/button><img decoding=\"async\" src=\"https:\/\/silovers.com\/wp-content\/plugins\/wpforms-lite\/assets\/images\/submit-spin.svg\" class=\"wpforms-submit-spinner\" style=\"display: none;\" width=\"26\" height=\"26\" alt=\"Cargando\"><\/div><\/form><\/div>  <!-- .wpforms-container -->\t\t\t\t<\/div>\n\t\t\t\t<\/div>\n\t\t\t\t\t<\/div>\n\t\t\t\t<\/div>\n\t\t\t\t<\/div>\n\t\t","protected":false},"excerpt":{"rendered":"<p>Para negocios que no solo crecen. Tambi\u00e9n inspiran. \u00a0 \u00bfQu\u00e9 pasa cuando una organizaci\u00f3n aprende a decir S\u00ed?\u00a0 Que se transforma desde dentro.\u00a0Y brilla hacia fuera.\u00a0 \u00a0En S\u00edlovers ayudamos a las corporaciones a desarrollar una cultura positiva, sostenible y emocionalmente saludable, basada en una f\u00f3rmula sencilla, pero poderosa: decir S\u00ed y sus \u00abhistorias ganadoras\u00bb.\u00a0 \u00a0&hellip; <a class=\"more-link\" href=\"https:\/\/silovers.com\/index.php\/organizaciones\/\">Seguir leyendo <span class=\"screen-reader-text\">Organizaciones\u00a0<\/span><\/a><\/p>\n","protected":false},"author":1,"featured_media":0,"parent":0,"menu_order":0,"comment_status":"closed","ping_status":"closed","template":"elementor_header_footer","meta":{"pmpro_default_level":"","advanced_seo_description":"","jetpack_seo_html_title":"","jetpack_seo_noindex":false,"footnotes":""},"class_list":["post-318","page","type-page","status-publish","hentry","pmpro-has-access","entry"],"jetpack_sharing_enabled":true,"_links":{"self":[{"href":"https:\/\/silovers.com\/index.php\/wp-json\/wp\/v2\/pages\/318","targetHints":{"allow":["GET"]}}],"collection":[{"href":"https:\/\/silovers.com\/index.php\/wp-json\/wp\/v2\/pages"}],"about":[{"href":"https:\/\/silovers.com\/index.php\/wp-json\/wp\/v2\/types\/page"}],"author":[{"embeddable":true,"href":"https:\/\/silovers.com\/index.php\/wp-json\/wp\/v2\/users\/1"}],"replies":[{"embeddable":true,"href":"https:\/\/silovers.com\/index.php\/wp-json\/wp\/v2\/comments?post=318"}],"version-history":[{"count":45,"href":"https:\/\/silovers.com\/index.php\/wp-json\/wp\/v2\/pages\/318\/revisions"}],"predecessor-version":[{"id":1845,"href":"https:\/\/silovers.com\/index.php\/wp-json\/wp\/v2\/pages\/318\/revisions\/1845"}],"wp:attachment":[{"href":"https:\/\/silovers.com\/index.php\/wp-json\/wp\/v2\/media?parent=318"}],"curies":[{"name":"wp","href":"https:\/\/api.w.org\/{rel}","templated":true}]}}